{"id":14525,"date":"2022-09-15T14:12:10","date_gmt":"2022-09-15T11:12:10","guid":{"rendered":"https:\/\/estapure.com\/?page_id=14525"},"modified":"2022-11-18T16:14:35","modified_gmt":"2022-11-18T13:14:35","slug":"about-us","status":"publish","type":"page","link":"https:\/\/estapure.com\/fr\/about-us\/","title":{"rendered":"\u00c0 propos de nous"},"content":{"rendered":"[vc_section full_width=&#8221;stretch_row&#8221; pix_over_visibility=&#8221;&#8221; bottom_divider_select=&#8221;17&#8243; b_2_is_gradient=&#8221;true&#8221; b_2_color=&#8221;rgba(255,255,255,0.7)&#8221; b_2_color_2=&#8221;rgba(255,255,255,0.7)&#8221; b_3_is_gradient=&#8221;true&#8221; b_3_color=&#8221;#e9ecef&#8221; b_3_color_2=&#8221;#dee2e6&#8243; b_custom_height=&#8221;500px&#8221;][vc_row pix_particles_check=&#8221;&#8221;][vc_column content_align=&#8221;text-center&#8221;]<h3 class=\"pix-badge-element d-inline-block mr-1 animate-in\" data-anim-type=\"fade-in-up\" data-anim-delay=\"0\"><span class=\"badge font-weight-bold bg-purple  vc_custom_1663239704565  \" style=\" \"><span class=\"text-white\" style=\"\">Estapure Clinic<\/span><\/span><\/h3><div id=\"sliding-text-30839670\" class=\"mb-3 text-center  vc_custom_1668776619790\"><h2 class=\"mb-32 pix-sliding-headline-2 animate-in font-weight-bold secondary-font \" data-anim-type=\"pix-sliding-text\" pix-anim-delay=\"500\" data-class=\"secondary-font text-gradient-primary\" style=\"\"><span class=\"slide-in-container \"><span class=\"pix-sliding-item secondary-font text-gradient-primary\" style=\"transition-delay: 0ms;\">Qui&#32;<\/span><\/span> <span class=\"slide-in-container \"><span class=\"pix-sliding-item secondary-font text-gradient-primary\" style=\"transition-delay: 150ms;\">sommes-&#32;<\/span><\/span> <span class=\"slide-in-container \"><span class=\"pix-sliding-item secondary-font text-gradient-primary\" style=\"transition-delay: 300ms;\">nous&#32;<\/span><\/span> <span class=\"slide-in-container \"><span class=\"pix-sliding-item secondary-font text-gradient-primary\" style=\"transition-delay: 450ms;\">?&#32;<\/span><\/span> <\/h2><\/div><div class=\"pix-el-text w-100 text-center \" ><p class=\"text-20  text-body-default text-center \" ><span class=\"text-body-default animate-in d-inline-block\" data-anim-delay=\"200\" data-anim-type=\"fade-in-up\">Nous sommes une clinique qui traite toute sorte de proc\u00e9dures esth\u00e9tiques.<\/span><\/p><\/div>[\/vc_column][\/vc_row][vc_row pix_particles_check=&#8221;&#8221; css=&#8221;.vc_custom_1588800775018{padding-top: 80px !important;padding-bottom: 80px !important;}&#8221;][vc_column css=&#8221;.vc_custom_1580913185779{padding-top: 20px !important;padding-bottom: 20px !important;}&#8221;]<div class=\"card  overflow-hidden row no-gutters flex-column flex-md-row flex-md-row-reverse   vc_custom_1663241934568 shadow-lg  animate-in \" data-anim-delay=\"0\" data-anim-type=\"fade-in-up\"><div class=\"flex-column d-inline-flex position-relative col-md-6\"><img decoding=\"async\" class=\"pix-lazy card-img pix-fit-cover rounded-0 flex-grow-1 h-100\" src=\"https:\/\/estapure.com\/wp-content\/plugins\/pixfort-core\/functions\/images\/loading.webp\" data-srcset=\"https:\/\/estapure.com\/wp-content\/uploads\/2022\/09\/About-Us-200x300.jpg 200w, https:\/\/estapure.com\/wp-content\/uploads\/2022\/09\/About-Us-683x1024.jpg 683w, https:\/\/estapure.com\/wp-content\/uploads\/2022\/09\/About-Us-768x1152.jpg 768w, https:\/\/estapure.com\/wp-content\/uploads\/2022\/09\/About-Us.jpg 800w\" data-src=\"https:\/\/estapure.com\/wp-content\/uploads\/2022\/09\/About-Us.jpg\" loading=\"lazy\" alt=\"\" \/><\/div><div class=\"card-body d-flex2 align-content-between flex-wrap col-md-6 p-lg-5 p-md-5 p-4 \">[vc_column_text]<span style=\"font-weight: 400;\">Nous avons les meilleurs docteurs, chirurgiens, et dentistes qualifi\u00e9s afin de r\u00e9pondre aux demandes des patients.<\/span>\r\n\r\n<span style=\"font-weight: 400;\">Nos r\u00e9sultats satisfaisants sont le t\u00e9moin de nos exp\u00e9riences.<\/span>[\/vc_column_text]<div id=\"sliding-text-116768786\" class=\"mb-3 text-left  vc_custom_1668776672399\"><h2 class=\"mb-32 pix-sliding-headline-2 animate-in font-weight-bold secondary-font \" data-anim-type=\"pix-sliding-text\" pix-anim-delay=\"500\" data-class=\"secondary-font text-heading-default\" style=\"\"><span class=\"slide-in-container \"><span class=\"pix-sliding-item secondary-font text-heading-default\" style=\"transition-delay: 0ms;\">Notre&#32;<\/span><\/span> <span class=\"slide-in-container \"><span class=\"pix-sliding-item secondary-font text-heading-default\" style=\"transition-delay: 150ms;\">mission&#32;<\/span><\/span> <\/h2><\/div><div class=\"pix-el-text w-100   vc_custom_1668776685159\" ><p class=\"  text-body-default  \" ><span class=\"text-body-default animate-in d-inline-block\" data-anim-delay=\"200\" data-anim-type=\"fade-in-up\">Notre objectif c\u2019est effectuer un r\u00e9sultat naturel par un groupe chirurgical qui utilisent des techniques modernes de la chirurgie plastique afin de permettre des solutions esth\u00e9tiques, avec le haut niveau, et avoir le maximum nombre des patients (hommes et femmes).<\/span><\/p><\/div><div id=\"el1663239838564-6ba9ae1e-0fae\" class=\"mb-3 text-left  vc_custom_1668776697782\"><h2 class=\"mb-32 pix-sliding-headline-2 animate-in font-weight-bold secondary-font \" data-anim-type=\"pix-sliding-text\" pix-anim-delay=\"500\" data-class=\"secondary-font text-heading-default\" style=\"\"><span class=\"slide-in-container \"><span class=\"pix-sliding-item secondary-font text-heading-default\" style=\"transition-delay: 0ms;\">Notre&#32;<\/span><\/span> <span class=\"slide-in-container \"><span class=\"pix-sliding-item secondary-font text-heading-default\" style=\"transition-delay: 150ms;\">vision&#32;<\/span><\/span> <\/h2><\/div><div class=\"pix-el-text w-100   vc_custom_1668776707207\" ><p class=\"  text-body-default  \" ><span class=\"text-body-default animate-in d-inline-block\" data-anim-delay=\"200\" data-anim-type=\"fade-in-up\">Obtenir un corps id\u00e9al et un sourire attirant c\u2019est l\u2019\u00e9l\u00e9ment commun de toutes les cultures. Certainement, chaque personne souhaite d\u2019avoir une apparence attrayante qui lui fait sentir mieux confortable et satisfait.\r\nC\u2019est pour cette raison, nous d\u00e9sirons d\u2019\u00eatre la premi\u00e8re r\u00e9f\u00e9rence dans tout le monde, et non seulement en Turquie.<\/span><\/p><\/div><a  href=\"\/fr\/contact-us\" class=\"btn mb-2     text-body-default btn-underline-orange d-inline-block    secondary-font  animate-in btn-md\"   data-anim-type=\"fade-in-up\" data-anim-delay=\"400\" ><i class=\"font-weight-bold pixicon-messages-3   mr-1\"><\/i> <span class=\"font-weight-bold  text-body-default\" >Contactez-nous<\/span><\/a><\/div><\/div>\n[\/vc_column][\/vc_row][vc_row equal_height=&#8221;yes&#8221; pix_particles_check=&#8221;&#8221; pix_visibility=&#8221;1&#8243; css=&#8221;.vc_custom_1588798291154{padding-top: 80px !important;padding-bottom: 80px !important;}&#8221;][vc_column width=&#8221;1\/2&#8243;]<div class=\"pix-photo-stack pix-img-n  vc_custom_1663241732965\"><div class=\"img-el\" ><div class=\"w-100 pix-bounce-sm pix-duration-slow\"><div class=\"animate-in d-inline-block w-100\" data-anim-type=\"fade-in-up\" data-anim-delay=\"0\"><div class=\"tilt\"><img decoding=\"async\" width=\"606\" height=\"532\" class=\"pix-lazy rounded-lg shadow-lg shadow-hover-lg fly-sm d-inline-block\" loading=\"lazy\" data-srcset=\"https:\/\/estapure.com\/wp-content\/uploads\/2022\/09\/clinic-2-1-300x263.jpg 300w, https:\/\/estapure.com\/wp-content\/uploads\/2022\/09\/clinic-2-1.jpg 606w\" src=\"https:\/\/estapure.com\/wp-content\/plugins\/pixfort-core\/functions\/images\/loading.webp\" data-src=\"https:\/\/estapure.com\/wp-content\/uploads\/2022\/09\/clinic-2-1.jpg\" alt=\"\" \/><\/div><\/div><\/div><\/div><div class=\"img-el\" ><div class=\"w-100 pix-bounce-sm pix-duration-slow\"><div class=\"animate-in d-inline-block w-100\" data-anim-type=\"fade-in-up\" data-anim-delay=\"100\"><div class=\"tilt\"><img decoding=\"async\" width=\"800\" height=\"533\" class=\"pix-lazy rounded-lg shadow-lg shadow-hover-lg fly-sm d-inline-block\" loading=\"lazy\" data-srcset=\"https:\/\/estapure.com\/wp-content\/uploads\/2022\/09\/clinic-3-300x200.jpg 300w, https:\/\/estapure.com\/wp-content\/uploads\/2022\/09\/clinic-3-768x512.jpg 768w, https:\/\/estapure.com\/wp-content\/uploads\/2022\/09\/clinic-3.jpg 800w\" src=\"https:\/\/estapure.com\/wp-content\/plugins\/pixfort-core\/functions\/images\/loading.webp\" data-src=\"https:\/\/estapure.com\/wp-content\/uploads\/2022\/09\/clinic-3.jpg\" alt=\"\" \/><\/div><\/div><\/div><\/div><div class=\"img-el\" ><div class=\"w-100 pix-bounce-sm pix-duration-slow\"><div class=\"animate-in d-inline-block w-100\" data-anim-type=\"fade-in-up\" data-anim-delay=\"200\"><div class=\"tilt\"><img decoding=\"async\" width=\"800\" height=\"924\" class=\"pix-lazy rounded-lg shadow-lg shadow-hover-lg fly-sm d-inline-block\" loading=\"lazy\" data-srcset=\"https:\/\/estapure.com\/wp-content\/uploads\/2022\/09\/clinic-4-260x300.jpg 260w, https:\/\/estapure.com\/wp-content\/uploads\/2022\/09\/clinic-4-768x887.jpg 768w, https:\/\/estapure.com\/wp-content\/uploads\/2022\/09\/clinic-4.jpg 800w\" src=\"https:\/\/estapure.com\/wp-content\/plugins\/pixfort-core\/functions\/images\/loading.webp\" data-src=\"https:\/\/estapure.com\/wp-content\/uploads\/2022\/09\/clinic-4.jpg\" alt=\"\" \/><\/div><\/div><\/div><\/div><\/div>[\/vc_column][vc_column width=&#8221;1\/2&#8243;]<div class=\"pix-content-box card   sticky-top pix-sticky-top-adjust   vc_custom_1588791497974    rounded-lg bg- w-100  \"   ><div class=\"\" style=\"z-index:30;position:relative;\"><div  class=\"pix-heading-el text-left  vc_custom_1663240293437\"><div><div class=\"slide-in-container\"><h2 class=\"text-heading-default font-weight-bold animate-in heading-text el-title_custom_color mb-12\" style=\"\" data-anim-type=\"slide-in-up\" data-anim-delay=\"0\">Our Statistics<\/h2><\/div><\/div><\/div>[vc_row_inner css=&#8221;.vc_custom_1663240283214{margin-bottom: 40px !important;}&#8221;][vc_column_inner width=&#8221;1\/2&#8243;]<div class=\"pix_numbers animate-math \"><div><h1 class=\"align-self-center text-left \"><span class=\"font-weight-bold text-gradient-primary-test\" style=\"\">+<\/span><span class=\"number font-weight-bold text-gradient-primary-test\" style=\"\" data-duration=\"1500\" data-to=\"40\">0<\/span><span class=\"font-weight-bold text-gradient-primary-test\" style=\"\"><\/span><\/h1><\/div><div class=\"w-100 text-left\"><h6 class=\"mt-0 text-heading-default font-weight-bold\" style=\"\">M\u00e9decin sp\u00e9cialiste qualifi\u00e9<\/h6><\/div><\/div>\n[\/vc_column_inner][vc_column_inner width=&#8221;1\/2&#8243;]<div class=\"pix_numbers animate-math \"><div><h1 class=\"align-self-center text-left \"><span class=\"font-weight-bold text-gradient-primary-test\" style=\"\">+<\/span><span class=\"number font-weight-bold text-gradient-primary-test\" style=\"\" data-duration=\"1500\" data-to=\"8\">0<\/span><span class=\"font-weight-bold text-gradient-primary-test\" style=\"\"><\/span><\/h1><\/div><div class=\"w-100 text-left\"><h6 class=\"mt-0 text-heading-default font-weight-bold\" style=\"\">des ann\u00e9es d&#8217;exp\u00e9rience<\/h6><\/div><\/div>\n[\/vc_column_inner][\/vc_row_inner][vc_row_inner][vc_column_inner width=&#8221;1\/2&#8243;]<div class=\"pix_numbers animate-math \"><div><h1 class=\"align-self-center text-left \"><span class=\"font-weight-bold text-gradient-primary-test\" style=\"\">+<\/span><span class=\"number font-weight-bold text-gradient-primary-test\" style=\"\" data-duration=\"1500\" data-to=\"95\">0<\/span><span class=\"font-weight-bold text-gradient-primary-test\" style=\"\">%<\/span><\/h1><\/div><div class=\"w-100 text-left\"><h6 class=\"mt-0 text-heading-default font-weight-bold\" style=\"\">Taux de satisfaction<\/h6><\/div><\/div>\n[\/vc_column_inner][vc_column_inner width=&#8221;1\/2&#8243;]<div class=\"pix_numbers animate-math \"><div><h1 class=\"align-self-center text-left \"><span class=\"font-weight-bold text-gradient-primary-test\" style=\"\">+<\/span><span class=\"number font-weight-bold text-gradient-primary-test\" style=\"\" data-duration=\"1500\" data-to=\"9500\">0<\/span><span class=\"font-weight-bold text-gradient-primary-test\" style=\"\"><\/span><\/h1><\/div><div class=\"w-100 text-left\"><h6 class=\"mt-0 text-heading-default font-weight-bold\" style=\"\">Chirurgies r\u00e9ussies<\/h6><\/div><\/div>\n[\/vc_column_inner][\/vc_row_inner]<\/div><\/div>[\/vc_column][\/vc_row][\/vc_section]","protected":false},"excerpt":{"rendered":"[vc_section full_width=&#8221;stretch_row&#8221; pix_over_visibility=&#8221;&#8221; bottom_divider_select=&#8221;17&#8243; b_2_is_gradient=&#8221;true&#8221; b_2_color=&#8221;rgba(255,255,255,0.7)&#8221; b_2_color_2=&#8221;rgba(255,255,255,0.7)&#8221; b_3_is_gradient=&#8221;true&#8221; b_3_color=&#8221;#e9ecef&#8221; b_3_color_2=&#8221;#dee2e6&#8243; b_custom_height=&#8221;500px&#8221;][vc_row pix_particles_check=&#8221;&#8221;][vc_column content_align=&#8221;text-center&#8221;][\/vc_column][\/vc_row][vc_row pix_particles_check=&#8221;&#8221; css=&#8221;.vc_custom_1588800775018{padding-top: 80px !important;padding-bottom: 80px !important;}&#8221;][vc_column css=&#8221;.vc_custom_1580913185779{padding-top: 20px !important;padding-bottom: 20px !important;}&#8221;][\/vc_column][\/vc_row][vc_row equal_height=&#8221;yes&#8221; pix_particles_check=&#8221;&#8221; pix_visibility=&#8221;1&#8243; css=&#8221;.vc_custom_1588798291154{padding-top: 80px !important;padding-bottom: 80px !important;}&#8221;][vc_column width=&#8221;1\/2&#8243;][\/vc_column][vc_column width=&#8221;1\/2&#8243;][\/vc_column][\/vc_row][\/vc_section]","protected":false},"author":1,"featured_media":0,"parent":0,"menu_order":0,"comment_status":"closed","ping_status":"closed","template":"","meta":{"footnotes":""},"class_list":["post-14525","page","type-page","status-publish","hentry"],"_links":{"self":[{"href":"https:\/\/estapure.com\/fr\/wp-json\/wp\/v2\/pages\/14525","targetHints":{"allow":["GET"]}}],"collection":[{"href":"https:\/\/estapure.com\/fr\/wp-json\/wp\/v2\/pages"}],"about":[{"href":"https:\/\/estapure.com\/fr\/wp-json\/wp\/v2\/types\/page"}],"author":[{"embeddable":true,"href":"https:\/\/estapure.com\/fr\/wp-json\/wp\/v2\/users\/1"}],"replies":[{"embeddable":true,"href":"https:\/\/estapure.com\/fr\/wp-json\/wp\/v2\/comments?post=14525"}],"version-history":[{"count":4,"href":"https:\/\/estapure.com\/fr\/wp-json\/wp\/v2\/pages\/14525\/revisions"}],"predecessor-version":[{"id":14533,"href":"https:\/\/estapure.com\/fr\/wp-json\/wp\/v2\/pages\/14525\/revisions\/14533"}],"wp:attachment":[{"href":"https:\/\/estapure.com\/fr\/wp-json\/wp\/v2\/media?parent=14525"}],"curies":[{"name":"wp","href":"https:\/\/api.w.org\/{rel}","templated":true}]}}